{"id":891,"date":"2022-08-23T16:45:45","date_gmt":"2022-08-23T14:45:45","guid":{"rendered":"https:\/\/flbl-notaires.fr\/vente-location\/"},"modified":"2024-10-30T17:35:10","modified_gmt":"2024-10-30T16:35:10","slug":"sales-rentals","status":"publish","type":"page","link":"https:\/\/www.flbl-notaires.fr\/en\/sales-rentals\/","title":{"rendered":"Sales \/ Rentals"},"content":{"rendered":"\n<div class=\"wp-block-group\"><div class=\"wp-block-group__inner-container is-layout-flow wp-block-group-is-layout-flow\">\n<h1 class=\"wp-block-heading has-text-align-center is-style-title-decoration\" style=\"text-transform:uppercase\">Real estate in Nice<\/h1>\n\n\n\n<div id=\"block_propertiesfilters_block_5ce2d9afa32f8eb30e4012b9d8c7876e\" class=\"block-propertiesfilters \">\n\n\t<div class=\"block-propertiesfilters__inner alignwide\">\n\t\t<div class=\"wpgb-facet wpgb-loading wpgb-facet-1 properties-filter-facet\" data-facet=\"1\" data-grid=\"properties_template\">\t<h4 class=\"wpgb-facet-title\">Sale \/ Rental<\/h4>\n\t\t<fieldset>\n\t\t<legend class=\"wpgb-facet-title wpgb-sr-only\">Sale \/ Rental<\/legend>\n\t\t<div class=\"wpgb-select-facet\"><label><span class=\"wpgb-sr-only\">Sale \/ Rental<\/span><select class=\"wpgb-select\" name=\"vente_location\"><option value=\"\">All<\/option><option value=\"vente\">Vente&nbsp;(3)<\/option><option value=\"location\">Location&nbsp;(1)<\/option><\/select><span class=\"wpgb-select-controls\"><span class=\"wpgb-select-separator\"><\/span><svg class=\"wpgb-select-toggle\" viewBox=\"0 0 24 24\" height=\"24\" width=\"24\" aria-hidden=\"true\" focusable=\"false\"><path d=\"m12 14.536-.045.043.045-.043-5.3-5.114 5.3 5.114 5.3-5.114-5.3 5.114.045.043Z\"\/><\/svg><\/span><\/label><\/div>\t<\/fieldset>\n\t<\/div><div class=\"wpgb-facet wpgb-loading wpgb-facet-2 properties-filter-facet\" data-facet=\"2\" data-grid=\"properties_template\">\t<h4 class=\"wpgb-facet-title\">Property type<\/h4>\n\t\t<fieldset>\n\t\t<legend class=\"wpgb-facet-title wpgb-sr-only\">Property type<\/legend>\n\t\t<div class=\"wpgb-select-facet\"><label><span class=\"wpgb-sr-only\">Property type<\/span><select class=\"wpgb-select\" name=\"type_de_bien\"><option value=\"\">All<\/option><option value=\"appartement\">Appartement&nbsp;(4)<\/option><\/select><span class=\"wpgb-select-controls\"><span class=\"wpgb-select-separator\"><\/span><svg class=\"wpgb-select-toggle\" viewBox=\"0 0 24 24\" height=\"24\" width=\"24\" aria-hidden=\"true\" focusable=\"false\"><path d=\"m12 14.536-.045.043.045-.043-5.3-5.114 5.3 5.114 5.3-5.114-5.3 5.114.045.043Z\"\/><\/svg><\/span><\/label><\/div>\t<\/fieldset>\n\t<\/div><div class=\"wpgb-facet wpgb-loading wpgb-facet-6 properties-filter-facet\" data-facet=\"6\" data-grid=\"properties_template\">\t<h4 class=\"wpgb-facet-title\">Budget<\/h4>\n\t\t<fieldset>\n\t\t<legend class=\"wpgb-facet-title wpgb-sr-only\">Budget<\/legend>\n\t\t<div class=\"wpgb-range-facet\">\n\t\t\t\t<input type=\"range\" class=\"wpgb-range\" name=\"budget[]\" min=\"1350\" max=\"329000\" step=\"1\" value=\"1350\" hidden>\n\t\t\t\t<input type=\"range\" class=\"wpgb-range\" name=\"budget[]\" min=\"1350\" max=\"329000\" step=\"0.00001\" value=\"329000\" hidden>\n\t\t\t\t<div class=\"wpgb-range-facet-loader\"><div class=\"wpgb-range-slider\"><div class=\"wpgb-range-progress\"><\/div><div class=\"wpgb-range-thumbs\"><div class=\"wpgb-range-thumb\"><\/div><div class=\"wpgb-range-thumb\"><\/div><\/div><\/div><span class=\"wpgb-range-values\"><span><\/span><\/span><button type=\"button\" class=\"wpgb-range-clear\" disabled>Reset<\/button><\/div>\n\t\t\t<\/div>\t<\/fieldset>\n\t<\/div><div class=\"wpgb-facet wpgb-loading wpgb-facet-4 properties-filter-facet\" data-facet=\"4\" data-grid=\"properties_template\"><button type=\"button\" class=\"wpgb-button wpgb-apply\" name=\"appliquer\">Send<\/button><\/div>\t<\/div>\n\n<\/div>\n\n\n\n\n<div id=\"block_propertiesgrid_block_42d6b89457046665466c04b415607933\" class=\"block-propertiesgrid \">\n\n\t<div class=\"alignwide\">\n\n\t\t<!-- Gridbuilder \u1d42\u1d3e Plugin (https:\/\/wpgridbuilder.com) --><div class=\"wp-grid-builder wpgb-template wpgb-grid-properties_template  properties-grid\" data-options=\"{&quot;id&quot;:&quot;properties_template&quot;,&quot;isTemplate&quot;:true}\">\n<article id=\"post-2142\" class=\"post-2142 property type-property status-publish has-post-thumbnail hentry property_service-vente property_type-appartement\">\n\n\t\n\t\t\t<div class=\"post-thumbnail\">\n\t\t\t\t<a href=\"https:\/\/www.flbl-notaires.fr\/en\/properties\/nice-rue-paul-bounin-beau-2p-de-48m%c2%b2-tres-lumineux\/\" aria-hidden=\"true\" tabindex=\"-1\">\n\t\t\t\t\t<img loading=\"lazy\" decoding=\"async\" width=\"300\" height=\"225\" src=\"https:\/\/www.flbl-notaires.fr\/wp-content\/uploads\/2025\/03\/8e268f96-9ef9-4599-9a8c-54caba6a06be-1-300x225.jpg\" class=\"attachment-medium size-medium wp-post-image\" alt=\"NICE\/Rue Paul Bounin, beau 2P de 48m\u00b2 tr\u00e8s lumineux.\" srcset=\"https:\/\/www.flbl-notaires.fr\/wp-content\/uploads\/2025\/03\/8e268f96-9ef9-4599-9a8c-54caba6a06be-1-300x225.jpg 300w, https:\/\/www.flbl-notaires.fr\/wp-content\/uploads\/2025\/03\/8e268f96-9ef9-4599-9a8c-54caba6a06be-1-1024x768.jpg 1024w, https:\/\/www.flbl-notaires.fr\/wp-content\/uploads\/2025\/03\/8e268f96-9ef9-4599-9a8c-54caba6a06be-1-768x576.jpg 768w, https:\/\/www.flbl-notaires.fr\/wp-content\/uploads\/2025\/03\/8e268f96-9ef9-4599-9a8c-54caba6a06be-1-1536x1152.jpg 1536w, https:\/\/www.flbl-notaires.fr\/wp-content\/uploads\/2025\/03\/8e268f96-9ef9-4599-9a8c-54caba6a06be-1.jpg 2048w\" sizes=\"auto, (max-width: 300px) 100vw, 300px\" \/>\t\t\t\t<\/a>\n\t\t\t<\/div><!-- .post-thumbnail -->\n\n\t\t\t\n\t<div class=\"property__content\">\n\n\t\t<a href=\"https:\/\/www.flbl-notaires.fr\/en\/properties\/nice-rue-paul-bounin-beau-2p-de-48m%c2%b2-tres-lumineux\/\">\n\n\t\t\t\n\t\t\t\t<h3 class=\"h5 property__title\">NICE\/Rue Paul Bounin, beau 2P de 48m\u00b2 tr\u00e8s lumineux.<\/h3>\n\n\t\t\t\n\t\t<\/a>\n\n\t\t\t\t\t<div class=\"property__prix\">233000 \u20ac<\/div>\n\t\t\n\t\t<div class=\"property__excerpt\">\n\t\t\tNICE\/Rue Paul Bounin, dans r\u00e9sidence s\u00e9curis\u00e9e avec ascenseur, beau 2P de 48M\u00b2 tr\u00e8s lumineux et en tr\u00e8s bon \u00e9tatL&#8217;appartement comprend un [&#8230;]\t\t<\/div>\n\n\t\t<a href=\"https:\/\/www.flbl-notaires.fr\/en\/properties\/nice-rue-paul-bounin-beau-2p-de-48m%c2%b2-tres-lumineux\/\" class=\"btn outline sm\">Learn more<\/a>\n\t<\/div>\n\n<\/article>\n\n<article id=\"post-2115\" class=\"post-2115 property type-property status-publish has-post-thumbnail hentry property_service-location property_type-appartement\">\n\n\t\n\t\t\t<div class=\"post-thumbnail\">\n\t\t\t\t<a href=\"https:\/\/www.flbl-notaires.fr\/en\/properties\/a-louer-nice-nord-3pieces-meuble\/\" aria-hidden=\"true\" tabindex=\"-1\">\n\t\t\t\t\t<img loading=\"lazy\" decoding=\"async\" width=\"300\" height=\"200\" src=\"https:\/\/www.flbl-notaires.fr\/wp-content\/uploads\/2025\/02\/img-7257-300x200.jpg\" class=\"attachment-medium size-medium wp-post-image\" alt=\"A LOUER NICE NORD\/3PIECES MEUBLE,\" srcset=\"https:\/\/www.flbl-notaires.fr\/wp-content\/uploads\/2025\/02\/img-7257-300x200.jpg 300w, https:\/\/www.flbl-notaires.fr\/wp-content\/uploads\/2025\/02\/img-7257-1024x683.jpg 1024w, https:\/\/www.flbl-notaires.fr\/wp-content\/uploads\/2025\/02\/img-7257-768x512.jpg 768w, https:\/\/www.flbl-notaires.fr\/wp-content\/uploads\/2025\/02\/img-7257-1536x1024.jpg 1536w, https:\/\/www.flbl-notaires.fr\/wp-content\/uploads\/2025\/02\/img-7257-2048x1365.jpg 2048w\" sizes=\"auto, (max-width: 300px) 100vw, 300px\" \/>\t\t\t\t<\/a>\n\t\t\t<\/div><!-- .post-thumbnail -->\n\n\t\t\t\n\t<div class=\"property__content\">\n\n\t\t<a href=\"https:\/\/www.flbl-notaires.fr\/en\/properties\/a-louer-nice-nord-3pieces-meuble\/\">\n\n\t\t\t\n\t\t\t\t<h3 class=\"h5 property__title\">A LOUER NICE NORD\/3PIECES MEUBLE,<\/h3>\n\n\t\t\t\n\t\t<\/a>\n\n\t\t\t\t\t<div class=\"property__prix\">1350 \u20ac<\/div>\n\t\t\n\t\t<div class=\"property__excerpt\">\n\t\t\tAvenue Jean-S\u00e9bastien BARES, dans bel immeuble, 3 pi\u00e8ces meubl\u00e9 au calme et lumineux avec sa triple exposition, vue d\u00e9gag\u00e9e, terrassesAu 5\u00e8me [&#8230;]\t\t<\/div>\n\n\t\t<a href=\"https:\/\/www.flbl-notaires.fr\/en\/properties\/a-louer-nice-nord-3pieces-meuble\/\" class=\"btn outline sm\">Learn more<\/a>\n\t<\/div>\n\n<\/article>\n\n<article id=\"post-2106\" class=\"post-2106 property type-property status-publish has-post-thumbnail hentry property_service-vente property_type-appartement\">\n\n\t\n\t\t\t<div class=\"post-thumbnail\">\n\t\t\t\t<a href=\"https:\/\/www.flbl-notaires.fr\/en\/properties\/nice-angle-lepante-pertinax-4p-en-dernier-etage-de-85m%c2%b2\/\" aria-hidden=\"true\" tabindex=\"-1\">\n\t\t\t\t\t<img loading=\"lazy\" decoding=\"async\" width=\"300\" height=\"225\" src=\"https:\/\/www.flbl-notaires.fr\/wp-content\/uploads\/2025\/02\/image00001-300x225.jpg\" class=\"attachment-medium size-medium wp-post-image\" alt=\"NICE\/Angle Lepante-Pertinax, 4P en dernier \u00e9tage de 85m\u00b2.\" srcset=\"https:\/\/www.flbl-notaires.fr\/wp-content\/uploads\/2025\/02\/image00001-300x225.jpg 300w, https:\/\/www.flbl-notaires.fr\/wp-content\/uploads\/2025\/02\/image00001-1024x768.jpg 1024w, https:\/\/www.flbl-notaires.fr\/wp-content\/uploads\/2025\/02\/image00001-768x576.jpg 768w, https:\/\/www.flbl-notaires.fr\/wp-content\/uploads\/2025\/02\/image00001-1536x1152.jpg 1536w, https:\/\/www.flbl-notaires.fr\/wp-content\/uploads\/2025\/02\/image00001-2048x1536.jpg 2048w\" sizes=\"auto, (max-width: 300px) 100vw, 300px\" \/>\t\t\t\t<\/a>\n\t\t\t<\/div><!-- .post-thumbnail -->\n\n\t\t\t\n\t<div class=\"property__content\">\n\n\t\t<a href=\"https:\/\/www.flbl-notaires.fr\/en\/properties\/nice-angle-lepante-pertinax-4p-en-dernier-etage-de-85m%c2%b2\/\">\n\n\t\t\t\n\t\t\t\t<h3 class=\"h5 property__title\">NICE\/Angle Lepante-Pertinax, 4P en dernier \u00e9tage de 85m\u00b2.<\/h3>\n\n\t\t\t\n\t\t<\/a>\n\n\t\t\t\t\t<div class=\"property__prix\">329000 \u20ac<\/div>\n\t\t\n\t\t<div class=\"property__excerpt\">\n\t\t\tNICE\/ANGLE LEPANTE-PERTINAX, dans bel immeuble Ni\u00e7ois, beau 4P de 85m\u00b2 traversant et en dernier \u00e9tage L&#8217;appartement comprend double s\u00e9jour tr\u00e8s [&#8230;]\t\t<\/div>\n\n\t\t<a href=\"https:\/\/www.flbl-notaires.fr\/en\/properties\/nice-angle-lepante-pertinax-4p-en-dernier-etage-de-85m%c2%b2\/\" class=\"btn outline sm\">Learn more<\/a>\n\t<\/div>\n\n<\/article>\n\n<article id=\"post-2091\" class=\"post-2091 property type-property status-publish has-post-thumbnail hentry property_service-vente property_type-appartement\">\n\n\t\n\t\t\t<div class=\"post-thumbnail\">\n\t\t\t\t<a href=\"https:\/\/www.flbl-notaires.fr\/en\/properties\/nice-quartier-liberation-beau-2p-de-35m%c2%b2-avec-large-terrasse\/\" aria-hidden=\"true\" tabindex=\"-1\">\n\t\t\t\t\t<img loading=\"lazy\" decoding=\"async\" width=\"225\" height=\"300\" src=\"https:\/\/www.flbl-notaires.fr\/wp-content\/uploads\/2025\/02\/46716643-0ee0-46fe-b4c7-29d54b0fcd27-225x300.jpg\" class=\"attachment-medium size-medium wp-post-image\" alt=\"NICE\/Quartier Lib\u00e9ration, beau 2P de 35m\u00b2 avec large terrasse.\" srcset=\"https:\/\/www.flbl-notaires.fr\/wp-content\/uploads\/2025\/02\/46716643-0ee0-46fe-b4c7-29d54b0fcd27-225x300.jpg 225w, https:\/\/www.flbl-notaires.fr\/wp-content\/uploads\/2025\/02\/46716643-0ee0-46fe-b4c7-29d54b0fcd27-768x1024.jpg 768w, https:\/\/www.flbl-notaires.fr\/wp-content\/uploads\/2025\/02\/46716643-0ee0-46fe-b4c7-29d54b0fcd27-1152x1536.jpg 1152w, https:\/\/www.flbl-notaires.fr\/wp-content\/uploads\/2025\/02\/46716643-0ee0-46fe-b4c7-29d54b0fcd27.jpg 1536w\" sizes=\"auto, (max-width: 225px) 100vw, 225px\" \/>\t\t\t\t<\/a>\n\t\t\t<\/div><!-- .post-thumbnail -->\n\n\t\t\t\n\t<div class=\"property__content\">\n\n\t\t<a href=\"https:\/\/www.flbl-notaires.fr\/en\/properties\/nice-quartier-liberation-beau-2p-de-35m%c2%b2-avec-large-terrasse\/\">\n\n\t\t\t\n\t\t\t\t<h3 class=\"h5 property__title\">NICE\/Quartier Lib\u00e9ration, beau 2P de 35m\u00b2 avec large terrasse.<\/h3>\n\n\t\t\t\n\t\t<\/a>\n\n\t\t\t\t\t<div class=\"property__prix\">212000 \u20ac<\/div>\n\t\t\n\t\t<div class=\"property__excerpt\">\n\t\t\tNICE\/Quartier Lib\u00e9ration, dans r\u00e9sidence r\u00e9cente de 2014, situ\u00e9 au 3\u00e8me \u00e9tage, beau 2P de 35m\u00b2 avec large terrasse de 13,5m\u00b2 L&#8217;appartement [&#8230;]\t\t<\/div>\n\n\t\t<a href=\"https:\/\/www.flbl-notaires.fr\/en\/properties\/nice-quartier-liberation-beau-2p-de-35m%c2%b2-avec-large-terrasse\/\" class=\"btn outline sm\">Learn more<\/a>\n\t<\/div>\n\n<\/article>\n<\/div><div class=\"wpgb-facet wpgb-loading wpgb-facet-3 properties-filter-facet\" data-facet=\"3\" data-grid=\"properties_template\"><\/div>\n\t<\/div>\n\n<\/div>\n\n<\/div><\/div>\n\n\n\n<div id=\"block_grandtitre_block_f1158f70c9d4eba15264a04a33535e68\" class=\"block-grandtitre  immobilier\">\n\n\t\t\t<div class=\"block-grandtitre__inner\">Real estate<\/div>\n\t\n<\/div>\n\n\n\n\n<div class=\"wp-block-cover is-light expertise dark-degrade\"><span aria-hidden=\"true\" class=\"wp-block-cover__background has-background-dim-100 has-background-dim has-background-gradient has-dark-gray-to-gray-gradient-background\"><\/span><div class=\"wp-block-cover__inner-container is-layout-flow wp-block-cover-is-layout-flow\">\n<div class=\"wp-block-group alignwide\"><div class=\"wp-block-group__inner-container is-layout-flow wp-block-group-is-layout-flow\">\n<h2 class=\"wp-block-heading has-white-color has-text-color has-very-huge-font-size\" style=\"font-style:normal;font-weight:800;text-transform:uppercase\">Benefit from the real estate expertise of an FLBL notre dame notary!<\/h2>\n\n\n\n<div style=\"height:3rem\" aria-hidden=\"true\" class=\"wp-block-spacer\"><\/div>\n\n\n\n<div class=\"wp-block-columns is-layout-flex wp-container-core-columns-is-layout-9d6595d7 wp-block-columns-is-layout-flex\">\n<div class=\"wp-block-column is-layout-flow wp-block-column-is-layout-flow\">\n<div id=\"block_notaire-card_block_ca3540eede4c2c9735239bfc672cc9e1\" class=\"block-notaire-card \">\n\n\t\t\t<figure>\n\t\t\t<img loading=\"lazy\" decoding=\"async\" width=\"600\" height=\"600\" src=\"https:\/\/www.flbl-notaires.fr\/wp-content\/uploads\/2022\/10\/julie-exiga-1.jpg\" class=\"attachment-full size-full\" alt=\"\" srcset=\"https:\/\/www.flbl-notaires.fr\/wp-content\/uploads\/2022\/10\/julie-exiga-1.jpg 600w, https:\/\/www.flbl-notaires.fr\/wp-content\/uploads\/2022\/10\/julie-exiga-1-300x300.jpg 300w, https:\/\/www.flbl-notaires.fr\/wp-content\/uploads\/2022\/10\/julie-exiga-1-150x150.jpg 150w\" sizes=\"auto, (max-width: 600px) 100vw, 600px\" \/>\t\n\t\t<\/figure>\t\t\n\t\n\t\t\t<div class=\"block-notaire-card__nom\">Julie EXIGA<\/div>\n\t\n\t\t\t<div class=\"block-notaire-card__fonction\">Property manager (rentals)<\/div>\n\t\n\t\t\t<div class=\"block-notaire-card__email\"><a href=\"mailto:g&#101;&#115;ti&#111;n.06&#48;&#50;&#52;&#64;&#102;l&#98;&#108;.&#110;ot&#97;&#105;r&#101;s.&#102;r\">&#103;&#101;st&#105;o&#110;.0&#54;&#48;2&#52;&#64;&#102;&#108;bl&#46;&#110;o&#116;a&#105;&#114;e&#115;.fr<\/a><\/div>\n\t\n\t\t\t<div class=\"block-notaire-card__telephone\">\n\n\t\t\t\t\t\t\t<a href=\"tel:+33622497941\">\n\t\t\t\n\t\t\t06 22 49 79 41\n\t\t\t\t\t\t\t<\/a>\n\t\t\t\n\t\t<\/div>\n\t\n\t<ul class=\"block-notaire-card__icons\">\n\n\t\t\t\t\t<li class=\"block-notaire-card__telephone\">\n\t\t\t\t<a class=\"telephone\" href=\"tel:+33622497941\">\t\n\t\t\t\t\t<i class=\"icon icon-phone\"><\/i>\n\t\t\t\t\t<span class=\"screen-reader-text\">1<\/span>\t\n\t\t\t\t<\/a>\n\t\t\t<\/li>\n\t\t\n\t\t\t\t\t<li class=\"block-notaire-card__icon-email\">\n\t\t\t\t<a class=\"email\" href=\"mailto:g&#101;&#115;tion&#46;&#48;&#54;&#48;24&#64;fl&#98;&#108;&#46;&#110;o&#116;&#97;i&#114;&#101;&#115;&#46;f&#114;\">\t\t\n\t\t\t\t\t<i class=\"icon icon-email\"><\/i>\n\t\t\t\t\t<span class=\"screen-reader-text\">&#103;e&#115;tio&#110;&#46;&#48;6&#48;24&#64;&#102;&#108;bl.&#110;ot&#97;i&#114;es.&#102;r<\/span>\t\t\n\t\t\t\t<\/a>\n\t\t\t<\/li>\t\n\t\t\n\t<\/ul>\n\n<\/div>\n\n\n\n\n<h3 class=\"wp-block-heading is-style-title-decoration\">Rental management<\/h3>\n\n\n\n<p class=\"has-white-color has-text-color\">Your notary can also handle rental management of your apartment or house. He will find a tenant, draft the lease and collect the rent, as well as various tax declarations. In the event of disputes, he will act as a mediator and find a satisfactory solution.<\/p>\n<\/div>\n\n\n\n<div class=\"wp-block-column is-layout-flow wp-block-column-is-layout-flow\">\n<div id=\"block_notaire-card_block_59111dfeadc7cb5f5191aad8d9ad8683\" class=\"block-notaire-card \">\n\n\t\t\t<figure>\n\t\t\t<img loading=\"lazy\" decoding=\"async\" width=\"746\" height=\"746\" src=\"https:\/\/www.flbl-notaires.fr\/wp-content\/uploads\/2022\/10\/guillaume-rios-1.jpg\" class=\"attachment-full size-full\" alt=\"\" srcset=\"https:\/\/www.flbl-notaires.fr\/wp-content\/uploads\/2022\/10\/guillaume-rios-1.jpg 746w, https:\/\/www.flbl-notaires.fr\/wp-content\/uploads\/2022\/10\/guillaume-rios-1-300x300.jpg 300w, https:\/\/www.flbl-notaires.fr\/wp-content\/uploads\/2022\/10\/guillaume-rios-1-150x150.jpg 150w\" sizes=\"auto, (max-width: 746px) 100vw, 746px\" \/>\t\n\t\t<\/figure>\t\t\n\t\n\t\t\t<div class=\"block-notaire-card__nom\">Guillaume RIOS<\/div>\n\t\n\t\t\t<div class=\"block-notaire-card__fonction\">Real estate negotiator (sales)<\/div>\n\t\n\t\t\t<div class=\"block-notaire-card__email\"><a href=\"mailto:n&#101;&#103;&#111;&#99;&#105;&#97;&#116;ion&#46;&#48;602&#52;&#64;&#102;&#108;&#98;&#108;&#46;no&#116;a&#105;r&#101;&#115;&#46;fr\">&#110;egoc&#105;&#97;tio&#110;.06&#48;&#50;&#52;&#64;&#102;l&#98;l&#46;no&#116;a&#105;re&#115;.&#102;r<\/a><\/div>\n\t\n\t\t\t<div class=\"block-notaire-card__telephone\">\n\n\t\t\t\t\t\t\t<a href=\"tel:+33771440813\">\n\t\t\t\n\t\t\t07 71 44 08 13\n\t\t\t\t\t\t\t<\/a>\n\t\t\t\n\t\t<\/div>\n\t\n\t<ul class=\"block-notaire-card__icons\">\n\n\t\t\t\t\t<li class=\"block-notaire-card__telephone\">\n\t\t\t\t<a class=\"telephone\" href=\"tel:+33771440813\">\t\n\t\t\t\t\t<i class=\"icon icon-phone\"><\/i>\n\t\t\t\t\t<span class=\"screen-reader-text\">1<\/span>\t\n\t\t\t\t<\/a>\n\t\t\t<\/li>\n\t\t\n\t\t\t\t\t<li class=\"block-notaire-card__icon-email\">\n\t\t\t\t<a class=\"email\" href=\"mailto:n&#101;&#103;&#111;c&#105;&#97;&#116;&#105;o&#110;.&#48;&#54;02&#52;&#64;&#102;&#108;bl&#46;&#110;&#111;ta&#105;&#114;&#101;&#115;&#46;&#102;r\">\t\t\n\t\t\t\t\t<i class=\"icon icon-email\"><\/i>\n\t\t\t\t\t<span class=\"screen-reader-text\">ne&#103;&#111;&#99;&#105;atio&#110;.06024&#64;flb&#108;.&#110;&#111;&#116;&#97;i&#114;&#101;s.&#102;&#114;<\/span>\t\t\n\t\t\t\t<\/a>\n\t\t\t<\/li>\t\n\t\t\n\t<\/ul>\n\n<\/div>\n\n\n\n\n<h3 class=\"wp-block-heading is-style-title-decoration\">Sales of properties<\/h3>\n\n\n\n<p class=\"has-white-color has-text-color\">Notaries are experts in property valuation. They in fact have direct access to a professional file enabling them to obtain property market prices instantaneously and thus determine the worth of your property.<br>They then prepare the preliminary sales contract (sales agreement or commitment to sell), then the deed of sale : this also applies to a sale &#8220;en viager&#8221;, i.e. lifetime sale contract.<\/p>\n<\/div>\n<\/div>\n<\/div><\/div>\n<\/div><\/div>\n","protected":false},"excerpt":{"rendered":"<p>Real estate in Nice [&#8230;]<\/p>\n","protected":false},"author":1,"featured_media":0,"parent":0,"menu_order":0,"comment_status":"closed","ping_status":"closed","template":"","meta":{"_acf_changed":false,"_seopress_robots_primary_cat":"","_seopress_titles_title":"","_seopress_titles_desc":"","_seopress_robots_index":"","inline_featured_image":false,"footnotes":""},"class_list":["post-891","page","type-page","status-publish","hentry"],"acf":[],"_links":{"self":[{"href":"https:\/\/www.flbl-notaires.fr\/en\/wp-json\/wp\/v2\/pages\/891","targetHints":{"allow":["GET"]}}],"collection":[{"href":"https:\/\/www.flbl-notaires.fr\/en\/wp-json\/wp\/v2\/pages"}],"about":[{"href":"https:\/\/www.flbl-notaires.fr\/en\/wp-json\/wp\/v2\/types\/page"}],"author":[{"embeddable":true,"href":"https:\/\/www.flbl-notaires.fr\/en\/wp-json\/wp\/v2\/users\/1"}],"replies":[{"embeddable":true,"href":"https:\/\/www.flbl-notaires.fr\/en\/wp-json\/wp\/v2\/comments?post=891"}],"version-history":[{"count":5,"href":"https:\/\/www.flbl-notaires.fr\/en\/wp-json\/wp\/v2\/pages\/891\/revisions"}],"predecessor-version":[{"id":2026,"href":"https:\/\/www.flbl-notaires.fr\/en\/wp-json\/wp\/v2\/pages\/891\/revisions\/2026"}],"wp:attachment":[{"href":"https:\/\/www.flbl-notaires.fr\/en\/wp-json\/wp\/v2\/media?parent=891"}],"curies":[{"name":"wp","href":"https:\/\/api.w.org\/{rel}","templated":true}]}}