{"id":879,"date":"2022-08-23T16:40:10","date_gmt":"2022-08-23T14:40:10","guid":{"rendered":"https:\/\/flbl-notaires.fr\/mentions-legales\/"},"modified":"2024-10-31T11:37:53","modified_gmt":"2024-10-31T10:37:53","slug":"legal-notices","status":"publish","type":"page","link":"https:\/\/www.flbl-notaires.fr\/en\/legal-notices\/","title":{"rendered":"Legal notices"},"content":{"rendered":"\n<h1 class=\"wp-block-heading has-text-align-center is-style-title-decoration\">Legal notices<\/h1>\n\n\n\n<div class=\"wp-block-group alignwide\"><div class=\"wp-block-group__inner-container is-layout-flow wp-block-group-is-layout-flow\">\n<h2 class=\"wp-block-heading\" id=\"raison-sociale\">Company name<\/h2>\n\n\n\n<p>SAS FLBL NOTRE DAME NOTAIRES<br>22, avenue Notre Dame \u2013 06009 NICE<br>Legal structure : professional civil law partnership with a notarial office<br>Share capital : 198793,50 \u20ac<br>Registration number with the &#8220;registre du commerce et des soci\u00e9t\u00e9s&#8221; (rcs &#8211; trade and companies registry) or license number with the &#8220;r\u00e9pertoire des m\u00e9tiers&#8221; (rm &#8211; professions repertory) : rcs nice n\u00b0354081176<br>Intra-community vat number : FR32 354 081 176 000 27<br>Registration number with the chamber of notaries : 06024200630 71<br>Publication manager : Ma\u00eetre Laurent LIBOUBAN<\/p>\n\n\n\n<h2 class=\"wp-block-heading\" id=\"coordonnees\">Contact details<\/h2>\n\n\n\n<p>Phone : 04 93 13 68 68<\/p>\n\n\n\n<h2 class=\"wp-block-heading\" id=\"hebergement-du-site\">Website hosting<\/h2>\n\n\n\n<p>Website host : OVH SERVEUR D\u00c9DI\u00c9 par ComDZ<br>2 rue Kellerman<br>Roubaix \u2013 France<br>Website : https:\/\/www.ovh.com\/<\/p>\n\n\n\n<h2 class=\"wp-block-heading\" id=\"creation-et-developpement\">Design and development<\/h2>\n\n\n\n<p>ComDZ Agency<br>Address : 331 avenue du docteur Julien Lefebvre \u2013 Villeneuve-Loubet<br>Phone : 04 93 34 18 68<br>Website : www.comdz.fr<\/p>\n\n\n\n<h2 class=\"wp-block-heading\" id=\"credit-photos\">Photo credits<\/h2>\n\n\n\n<p>The visual elements used in this website were created by comdz. Certain visual elements may also come from the adobe stock photos image bank and the company SAS FLBL notaires<\/p>\n\n\n\n<h2 class=\"wp-block-heading\" id=\"avertissement\">Disclaimer<\/h2>\n\n\n\n<p>Content on the www.flbl-notaires.fr website is solely intended for the purpose of information and is non-contractual. We make every effort to ensure the exactitude and updating of information provided on this website, whose content we reserve the right to correct at any time and without notice. This content is non-exhaustive. The company sas flbl notaires declines all responsibility for any errors, inaccuracies or omissions in this information.<\/p>\n\n\n\n<h2 class=\"wp-block-heading\" id=\"droit-de-propriete\">Right of ownership<\/h2>\n\n\n\n<p>The website and its various components are protected by intellectual and industrial property law. Consequently, any representation, reproduction and, more generally, any use, by any means whatsoever, of all or part of the website (its general structure, photographs, information, icons, logos and graphics) without prior written authorisation of sas flbl notaires is strictly prohibited. The information contained in the website is exclusively reserved for private use. The reproduction of any document published on the www.flbl-notaires.fr website and the use of any copies made is solely authorised for information purposes for personal and private use.<\/p>\n\n\n\n<div style=\"height:100px\" aria-hidden=\"true\" class=\"wp-block-spacer\"><\/div>\n<\/div><\/div>\n","protected":false},"excerpt":{"rendered":"<p>Legal notices Company name SAS FLBL NOTRE DAME NOTAIRES22, avenue Notre Dame \u2013 06009 NICELegal structure : professional civil law partnership with a notarial officeShare capital : 198793,50 \u20acRegistration number with the &#8220;registre du commerce et des soci\u00e9t\u00e9s&#8221; (rcs &#8211; trade and companies registry) or license number with the &#8220;r\u00e9pertoire des m\u00e9tiers&#8221; (rm &#8211; professions&#8230; [&#8230;]<\/p>\n","protected":false},"author":1,"featured_media":0,"parent":0,"menu_order":0,"comment_status":"closed","ping_status":"closed","template":"","meta":{"_acf_changed":false,"_seopress_robots_primary_cat":"","_seopress_titles_title":"","_seopress_titles_desc":"","_seopress_robots_index":"","inline_featured_image":false,"footnotes":""},"class_list":["post-879","page","type-page","status-publish","hentry"],"acf":[],"_links":{"self":[{"href":"https:\/\/www.flbl-notaires.fr\/en\/wp-json\/wp\/v2\/pages\/879","targetHints":{"allow":["GET"]}}],"collection":[{"href":"https:\/\/www.flbl-notaires.fr\/en\/wp-json\/wp\/v2\/pages"}],"about":[{"href":"https:\/\/www.flbl-notaires.fr\/en\/wp-json\/wp\/v2\/types\/page"}],"author":[{"embeddable":true,"href":"https:\/\/www.flbl-notaires.fr\/en\/wp-json\/wp\/v2\/users\/1"}],"replies":[{"embeddable":true,"href":"https:\/\/www.flbl-notaires.fr\/en\/wp-json\/wp\/v2\/comments?post=879"}],"version-history":[{"count":5,"href":"https:\/\/www.flbl-notaires.fr\/en\/wp-json\/wp\/v2\/pages\/879\/revisions"}],"predecessor-version":[{"id":2012,"href":"https:\/\/www.flbl-notaires.fr\/en\/wp-json\/wp\/v2\/pages\/879\/revisions\/2012"}],"wp:attachment":[{"href":"https:\/\/www.flbl-notaires.fr\/en\/wp-json\/wp\/v2\/media?parent=879"}],"curies":[{"name":"wp","href":"https:\/\/api.w.org\/{rel}","templated":true}]}}